{"id":95,"date":"2023-02-24T11:49:40","date_gmt":"2023-02-24T10:49:40","guid":{"rendered":"https:\/\/www.ok-sportpferde.de\/?page_id=95"},"modified":"2024-02-27T19:30:22","modified_gmt":"2024-02-27T18:30:22","slug":"oli","status":"publish","type":"page","link":"https:\/\/www.ok-sportpferde.de\/?page_id=95","title":{"rendered":"Oli"},"content":{"rendered":"\n<p>Geboren im Jahr 1972 in St. Georgen im Schwarzwald bekam ich bereits im Alter von 6 Jahren mein erstes Pony &#8222;Chico&#8220;.<\/p>\n\n\n\n<div class=\"inherit-container-width wp-block-group is-layout-constrained wp-block-group-is-layout-constrained\">\n<figure class=\"wp-block-image size-large\"><img loading=\"lazy\" decoding=\"async\" width=\"1024\" height=\"683\" src=\"https:\/\/www.ok-sportpferde.de\/wp-content\/uploads\/2023\/02\/13-_DSC0479-Kopie-1024x683.jpg\" alt=\"\" class=\"wp-image-96\" srcset=\"https:\/\/www.ok-sportpferde.de\/wp-content\/uploads\/2023\/02\/13-_DSC0479-Kopie-1024x683.jpg 1024w, https:\/\/www.ok-sportpferde.de\/wp-content\/uploads\/2023\/02\/13-_DSC0479-Kopie-300x200.jpg 300w, https:\/\/www.ok-sportpferde.de\/wp-content\/uploads\/2023\/02\/13-_DSC0479-Kopie-768x512.jpg 768w, https:\/\/www.ok-sportpferde.de\/wp-content\/uploads\/2023\/02\/13-_DSC0479-Kopie-1536x1024.jpg 1536w, https:\/\/www.ok-sportpferde.de\/wp-content\/uploads\/2023\/02\/13-_DSC0479-Kopie-2048x1365.jpg 2048w\" sizes=\"auto, (max-width: 1024px) 100vw, 1024px\" \/><\/figure>\n<\/div>\n\n\n\n<p>Nach ersten Reiterfahrungen auf Chico, startete ich einige Zeit sp\u00e4ter meine turnierreiterliche Karriere mit meinem damaligen Pferd Wolke . Schnell stellten sich die ersten Erfolge ein, so dass ich mit 15 Jahren in den Landeskader Springen der Junioren aufgenommen wurde und diesem auch als Junger Reiter konstant bis zum 21 Lebensjahr angeh\u00f6rte.<\/p>\n\n\n\n<p>Mein reiterlicher Weg wurde durch Training &nbsp;von namhaften Reitern wie John Broklebank, Gustav Bauer, Olympiadritter Carsten Huck, Wolf-Dieter Huck und Andreas Krieg begleitet.<\/p>\n\n\n\n<p>Im Jahr 1991 konnte ich mit meinem Erfolgspferd Sandsturm, welchen ich selbst ausbildete und u. a. f\u00fcr das Bundeschampionat der 5-j\u00e4hrigen Springpferde qualifizierte, den 3. Platz bei den Baden-W\u00fcrttembergischen Meisterschaften f\u00fcr mich entscheiden.<\/p>\n\n\n\n<p>Nach Beendigung meiner Bereiterlehre auf dem Stockfelder Hof bei Stockach, schloss sich eine kaufm\u00e4nnische Ausbildung im elterlichen Sportfachhandel in St. Georgen und der Wehrdienst an.<\/p>\n\n\n\n<p>Parallel zum sp\u00e4ter in Villingen er\u00f6ffneten Reitsportfachhandel &#8222;Horseland&#8220; und der beruflichen Laufbahn als Versicherungsfachwirt, war es schwierig den Reitsport im selben Ma\u00dfe wie in der Schulzeit zu betreiben. Aus diesem Grund habe ich mich zu der Zeit entschieden, den Reitsport nur noch auf Amateurebene auszu\u00fcben.<\/p>\n\n\n\n<p>Durch die  westf\u00e4lisch gezogene Fuchsstute Gr\u00e4fin S, welche ich ebenfalls bereits vierj\u00e4hrig erworben und selbst ausgebildet hatte, konnte ich den Anschluss beim Springreiten erhalten und mit ihr zahlreiche Siege und Platzierungen bis in die schwere Klasse erreiten.<\/p>\n\n\n\n<p>Nachdem sich Gr\u00e4fin S erst 14-j\u00e4hrig so schwer verletzte, dass eine R\u00fcckkehr in den Springsport f\u00fcr sie ausgeschlossen war, ergab es sich, dass ich im renommierten <a href=\"http:\/\/www.krieg-sportpferde.de\" target=\"_blank\" rel=\"noreferrer noopener\">Sport- und Handelsstall von Andreas Krieg<\/a> in VS-Nordstetten die Gelegenheit erhielt, Jung- und Verkaufspferde zu reiten.<\/p>\n\n\n\n<p>Zun\u00e4chst trainierte ich unter seiner Anleitung nur zu Hause, bis ich einige Zeit sp\u00e4ter wieder auf Turnieren f\u00fcr den Stall Andreas Krieg startete. In der 10-j\u00e4hrigen Zusammenarbeit erzielte ich u. a. internationale Erfolge bei der gro\u00dfen Escon Springclub-Amateurtour (bis 140 cm) beim CHI in Donaueschingen mit dem KWPN-Wallach Harley, als auch zahlreiche weitere Siege und Platzierungen bei nationalen Turnieren sowie in Jungpferdepr\u00fcfungen. Viele der von mir vorgestellten Pferde wurden erfolgreich vermarktet.<\/p>\n\n\n\n<p>Im Jahr 2016 entschloss ich mich zusammen mit meiner Frau Daniela, einen eigenen Sport-Stall in VS- Zollhaus zu betreiben um neben der Ausbildung und Vermarktung von Sportpferden auch vermehrt Fokus auf die qualitative Ausbildung von Reiterinnen und Reiter zu legen . Nebenbei gelang es uns, eigene Pferde erfolgreich auszubilden und bis zur schweren Klasse zu platzieren. Auch die uns anvertrauten Berittpferde pr\u00e4sentierten sich regelm\u00e4\u00dfig bei zahlreichen Turnieren bestens und reihten sich vorne in die Rankinglisten ein. Von mir trainierte Reiterinnen und Reiter erzielen dauerhaft Erfolge bis hin zur Klasse S*, darunter vordere Platzierungen bei den Landesmeisterschaften Baden-W\u00fcrttemberg und Stilnoten mit 8,0 und besser.<\/p>\n","protected":false},"excerpt":{"rendered":"<p>Geboren im Jahr 1972 in St. Georgen im Schwarzwald bekam ich bereits im Alter von 6 Jahren mein erstes Pony &#8222;Chico&#8220;. Nach ersten Reiterfahrungen auf Chico, startete ich einige Zeit sp\u00e4ter meine turnierreiterliche Karriere mit meinem damaligen Pferd Wolke . Schnell stellten sich die ersten Erfolge ein, so dass ich mit 15 Jahren in den &hellip;<\/p>\n<p class=\"read-more\"> <a class=\"\" href=\"https:\/\/www.ok-sportpferde.de\/?page_id=95\"> <span class=\"screen-reader-text\">Oli<\/span> Weiterlesen &raquo;<\/a><\/p>\n","protected":false},"author":1,"featured_media":0,"parent":0,"menu_order":0,"comment_status":"closed","ping_status":"closed","template":"","meta":{"site-sidebar-layout":"default","site-content-layout":"default","ast-global-header-display":"","ast-main-header-display":"","ast-hfb-above-header-display":"","ast-hfb-below-header-display":"","ast-hfb-mobile-header-display":"","site-post-title":"","ast-breadcrumbs-content":"","ast-featured-img":"","footer-sml-layout":"","theme-transparent-header-meta":"","adv-header-id-meta":"","stick-header-meta":"","header-above-stick-meta":"","header-main-stick-meta":"","header-below-stick-meta":"","footnotes":""},"class_list":["post-95","page","type-page","status-publish","hentry"],"_links":{"self":[{"href":"https:\/\/www.ok-sportpferde.de\/index.php?rest_route=\/wp\/v2\/pages\/95","targetHints":{"allow":["GET"]}}],"collection":[{"href":"https:\/\/www.ok-sportpferde.de\/index.php?rest_route=\/wp\/v2\/pages"}],"about":[{"href":"https:\/\/www.ok-sportpferde.de\/index.php?rest_route=\/wp\/v2\/types\/page"}],"author":[{"embeddable":true,"href":"https:\/\/www.ok-sportpferde.de\/index.php?rest_route=\/wp\/v2\/users\/1"}],"replies":[{"embeddable":true,"href":"https:\/\/www.ok-sportpferde.de\/index.php?rest_route=%2Fwp%2Fv2%2Fcomments&post=95"}],"version-history":[{"count":2,"href":"https:\/\/www.ok-sportpferde.de\/index.php?rest_route=\/wp\/v2\/pages\/95\/revisions"}],"predecessor-version":[{"id":176,"href":"https:\/\/www.ok-sportpferde.de\/index.php?rest_route=\/wp\/v2\/pages\/95\/revisions\/176"}],"wp:attachment":[{"href":"https:\/\/www.ok-sportpferde.de\/index.php?rest_route=%2Fwp%2Fv2%2Fmedia&parent=95"}],"curies":[{"name":"wp","href":"https:\/\/api.w.org\/{rel}","templated":true}]}}