{"id":63,"date":"2023-02-24T09:48:49","date_gmt":"2023-02-24T08:48:49","guid":{"rendered":"https:\/\/www.ok-sportpferde.de\/?page_id=63"},"modified":"2024-10-24T08:24:22","modified_gmt":"2024-10-24T06:24:22","slug":"anlage","status":"publish","type":"page","link":"https:\/\/www.ok-sportpferde.de\/?page_id=63","title":{"rendered":"Anlage und Pensionsbetrieb"},"content":{"rendered":"\n<p>Wir betreiben die wundersch\u00f6ne Anlage des <a href=\"https:\/\/www.reitverein-schwenningen.de\/\" target=\"_blank\" rel=\"noreferrer noopener\">RFV Schwenningen<\/a> <\/p>\n\n\n\n<figure class=\"wp-block-image size-large is-resized\"><img loading=\"lazy\" decoding=\"async\" width=\"1024\" height=\"848\" src=\"https:\/\/www.ok-sportpferde.de\/wp-content\/uploads\/2023\/02\/IMG_20230115_093756_937-1024x848.jpg\" alt=\"\" class=\"wp-image-64\" style=\"aspect-ratio:1.2087912087912087;width:396px;height:auto\" srcset=\"https:\/\/www.ok-sportpferde.de\/wp-content\/uploads\/2023\/02\/IMG_20230115_093756_937-1024x848.jpg 1024w, https:\/\/www.ok-sportpferde.de\/wp-content\/uploads\/2023\/02\/IMG_20230115_093756_937-300x248.jpg 300w, https:\/\/www.ok-sportpferde.de\/wp-content\/uploads\/2023\/02\/IMG_20230115_093756_937-768x636.jpg 768w, https:\/\/www.ok-sportpferde.de\/wp-content\/uploads\/2023\/02\/IMG_20230115_093756_937-1536x1272.jpg 1536w, https:\/\/www.ok-sportpferde.de\/wp-content\/uploads\/2023\/02\/IMG_20230115_093756_937-2048x1696.jpg 2048w\" sizes=\"auto, (max-width: 1024px) 100vw, 1024px\" \/><\/figure>\n\n\n\n<p>Wir m\u00f6chten Euch, unseren Einstellern, den bestm\u00f6glichen Service bieten. Die optimale Versorgung Eures Pferdes und ein umfangreicher Rundumservice, auf den Ihr Euch verlassen k\u00f6nnen, ist f\u00fcr uns selbstverst\u00e4ndlich. Einzigartig macht unser Angebot die Kombination aus Top Versorgung und besten Trainingsbedingungen.<\/p>\n\n\n\n<ul class=\"wp-block-list\">\n<li><strong><em>Anlage: <\/em><\/strong><\/li>\n\n\n\n<li>Reithalle 20x40m Terratex<\/li>\n\n\n\n<li>Reitplatz 22x65m Terratex<\/li>\n\n\n\n<li>Rasenplatz 40x70m<\/li>\n\n\n\n<li>\u00dcberdachte F\u00fchranlage<\/li>\n\n\n\n<li>Gro\u00dfe Sommer-Koppeln <\/li>\n\n\n\n<li>Winter-\/Schechtwetterkoppeln<\/li>\n\n\n\n<li>Befestigte Paddocks<\/li>\n<\/ul>\n\n\n\n<ul class=\"wp-block-list\">\n<li><strong><em>Pferd und Reiter<\/em><\/strong><\/li>\n\n\n\n<li>Hochwertiges Futter, gereinigter staubarmer Hafer, M\u00fcsli von Marstall und Bauern der Region<\/li>\n\n\n\n<li>Individuelle F\u00fctterung mit kompetenter Beratung<\/li>\n\n\n\n<li>Medikamentengabe<\/li>\n\n\n\n<li>Ganzj\u00e4hriger F\u00fchranlagen-\/ Koppelservice von Montag bis Freitag, auf Wunsch auch Wochenende<\/li>\n\n\n\n<li>Unterst\u00fctzung bei Auswahl und Vorstellung Tierarzt\/Hufschmied<\/li>\n\n\n\n<li>H\u00e4ngerstellpl\u00e4tze<\/li>\n\n\n\n<li>Vollumf\u00e4ngliche Urlaubsbetreuung<\/li>\n<\/ul>\n\n\n","protected":false},"excerpt":{"rendered":"<p>Wir betreiben die wundersch\u00f6ne Anlage des RFV Schwenningen Wir m\u00f6chten Euch, unseren Einstellern, den bestm\u00f6glichen Service bieten. Die optimale Versorgung Eures Pferdes und ein umfangreicher Rundumservice, auf den Ihr Euch verlassen k\u00f6nnen, ist f\u00fcr uns selbstverst\u00e4ndlich. Einzigartig macht unser Angebot die Kombination aus Top Versorgung und besten Trainingsbedingungen.<\/p>\n","protected":false},"author":1,"featured_media":0,"parent":0,"menu_order":0,"comment_status":"closed","ping_status":"closed","template":"","meta":{"site-sidebar-layout":"default","site-content-layout":"default","ast-global-header-display":"","ast-main-header-display":"","ast-hfb-above-header-display":"","ast-hfb-below-header-display":"","ast-hfb-mobile-header-display":"","site-post-title":"","ast-breadcrumbs-content":"","ast-featured-img":"","footer-sml-layout":"","theme-transparent-header-meta":"","adv-header-id-meta":"","stick-header-meta":"","header-above-stick-meta":"","header-main-stick-meta":"","header-below-stick-meta":"","footnotes":""},"class_list":["post-63","page","type-page","status-publish","hentry"],"_links":{"self":[{"href":"https:\/\/www.ok-sportpferde.de\/index.php?rest_route=\/wp\/v2\/pages\/63","targetHints":{"allow":["GET"]}}],"collection":[{"href":"https:\/\/www.ok-sportpferde.de\/index.php?rest_route=\/wp\/v2\/pages"}],"about":[{"href":"https:\/\/www.ok-sportpferde.de\/index.php?rest_route=\/wp\/v2\/types\/page"}],"author":[{"embeddable":true,"href":"https:\/\/www.ok-sportpferde.de\/index.php?rest_route=\/wp\/v2\/users\/1"}],"replies":[{"embeddable":true,"href":"https:\/\/www.ok-sportpferde.de\/index.php?rest_route=%2Fwp%2Fv2%2Fcomments&post=63"}],"version-history":[{"count":8,"href":"https:\/\/www.ok-sportpferde.de\/index.php?rest_route=\/wp\/v2\/pages\/63\/revisions"}],"predecessor-version":[{"id":225,"href":"https:\/\/www.ok-sportpferde.de\/index.php?rest_route=\/wp\/v2\/pages\/63\/revisions\/225"}],"wp:attachment":[{"href":"https:\/\/www.ok-sportpferde.de\/index.php?rest_route=%2Fwp%2Fv2%2Fmedia&parent=63"}],"curies":[{"name":"wp","href":"https:\/\/api.w.org\/{rel}","templated":true}]}}