{"id":19,"date":"2023-02-24T08:37:28","date_gmt":"2023-02-24T07:37:28","guid":{"rendered":"https:\/\/www.ok-sportpferde.de\/?page_id=19"},"modified":"2023-03-01T16:33:22","modified_gmt":"2023-03-01T15:33:22","slug":"ponyclub","status":"publish","type":"page","link":"https:\/\/www.ok-sportpferde.de\/?page_id=19","title":{"rendered":"Ponyclub"},"content":{"rendered":"\n<div class=\"wp-block-media-text alignwide has-media-on-the-right is-stacked-on-mobile\"><div class=\"wp-block-media-text__content\">\n<h3 class=\"wp-block-heading\"><\/h3>\n\n\n\n<p>Der Ponyclub ist ein Angebot f\u00fcr Kinder von 4 bis ca.8 Jahren. Unser Ziel ist es kindgerecht die Kinder zu kleinen Pferdemenschen zu erziehen. Sie lernen alles rund um das Thema Pferd. Was fri\u00dft ein Pferd? Mit welcher B\u00fcrste putzt man den Pferdekopf? Nat\u00fcrlich kommt des Reiten mit spielerischen Erlebnissen nicht zu kurz.<\/p>\n\n\n\n<p>Pro Woche treffen sich die Kinder einmal f\u00fcr 1 Stunde.&nbsp;Die Kinder sollen \u00fcber Bewegung effektiver und mit mehr Freude lernen. Dass sie dabei auch noch reiten lernen ist ein weiterer positiver Nebeneffekt.<\/p>\n\n\n\n<p>Aktuelles auf unserer Instagram-Seite:<\/p>\n<\/div><figure class=\"wp-block-media-text__media\"><img loading=\"lazy\" decoding=\"async\" width=\"768\" height=\"1024\" src=\"https:\/\/www.ok-sportpferde.de\/wp-content\/uploads\/2023\/02\/IMG-20230203-WA0041-1.jpg\" alt=\"\" class=\"wp-image-22 size-full\" srcset=\"https:\/\/www.ok-sportpferde.de\/wp-content\/uploads\/2023\/02\/IMG-20230203-WA0041-1.jpg 768w, https:\/\/www.ok-sportpferde.de\/wp-content\/uploads\/2023\/02\/IMG-20230203-WA0041-1-225x300.jpg 225w\" sizes=\"auto, (max-width: 768px) 100vw, 768px\" \/><\/figure><\/div>\n\n\n\n<ul class=\"wp-block-social-links is-layout-flex wp-block-social-links-is-layout-flex\"><li class=\"wp-social-link wp-social-link-instagram  wp-block-social-link\"><a href=\"https:\/\/www.instagram.com\/ponyclubschwenningen\/\" class=\"wp-block-social-link-anchor\"><svg width=\"24\" height=\"24\" viewBox=\"0 0 24 24\" version=\"1.1\" xmlns=\"http:\/\/www.w3.org\/2000\/svg\" aria-hidden=\"true\" focusable=\"false\"><path d=\"M12,4.622c2.403,0,2.688,0.009,3.637,0.052c0.877,0.04,1.354,0.187,1.671,0.31c0.42,0.163,0.72,0.358,1.035,0.673 c0.315,0.315,0.51,0.615,0.673,1.035c0.123,0.317,0.27,0.794,0.31,1.671c0.043,0.949,0.052,1.234,0.052,3.637 s-0.009,2.688-0.052,3.637c-0.04,0.877-0.187,1.354-0.31,1.671c-0.163,0.42-0.358,0.72-0.673,1.035 c-0.315,0.315-0.615,0.51-1.035,0.673c-0.317,0.123-0.794,0.27-1.671,0.31c-0.949,0.043-1.233,0.052-3.637,0.052 s-2.688-0.009-3.637-0.052c-0.877-0.04-1.354-0.187-1.671-0.31c-0.42-0.163-0.72-0.358-1.035-0.673 c-0.315-0.315-0.51-0.615-0.673-1.035c-0.123-0.317-0.27-0.794-0.31-1.671C4.631,14.688,4.622,14.403,4.622,12 s0.009-2.688,0.052-3.637c0.04-0.877,0.187-1.354,0.31-1.671c0.163-0.42,0.358-0.72,0.673-1.035 c0.315-0.315,0.615-0.51,1.035-0.673c0.317-0.123,0.794-0.27,1.671-0.31C9.312,4.631,9.597,4.622,12,4.622 M12,3 C9.556,3,9.249,3.01,8.289,3.054C7.331,3.098,6.677,3.25,6.105,3.472C5.513,3.702,5.011,4.01,4.511,4.511 c-0.5,0.5-0.808,1.002-1.038,1.594C3.25,6.677,3.098,7.331,3.054,8.289C3.01,9.249,3,9.556,3,12c0,2.444,0.01,2.751,0.054,3.711 c0.044,0.958,0.196,1.612,0.418,2.185c0.23,0.592,0.538,1.094,1.038,1.594c0.5,0.5,1.002,0.808,1.594,1.038 c0.572,0.222,1.227,0.375,2.185,0.418C9.249,20.99,9.556,21,12,21s2.751-0.01,3.711-0.054c0.958-0.044,1.612-0.196,2.185-0.418 c0.592-0.23,1.094-0.538,1.594-1.038c0.5-0.5,0.808-1.002,1.038-1.594c0.222-0.572,0.375-1.227,0.418-2.185 C20.99,14.751,21,14.444,21,12s-0.01-2.751-0.054-3.711c-0.044-0.958-0.196-1.612-0.418-2.185c-0.23-0.592-0.538-1.094-1.038-1.594 c-0.5-0.5-1.002-0.808-1.594-1.038c-0.572-0.222-1.227-0.375-2.185-0.418C14.751,3.01,14.444,3,12,3L12,3z M12,7.378 c-2.552,0-4.622,2.069-4.622,4.622S9.448,16.622,12,16.622s4.622-2.069,4.622-4.622S14.552,7.378,12,7.378z M12,15 c-1.657,0-3-1.343-3-3s1.343-3,3-3s3,1.343,3,3S13.657,15,12,15z M16.804,6.116c-0.596,0-1.08,0.484-1.08,1.08 s0.484,1.08,1.08,1.08c0.596,0,1.08-0.484,1.08-1.08S17.401,6.116,16.804,6.116z\"><\/path><\/svg><span class=\"wp-block-social-link-label screen-reader-text\">Instagram<\/span><\/a><\/li><\/ul>\n\n\n\n<p>Das lernen die Kinder im Ponyclub:<\/p>\n\n\n\n<ul class=\"wp-block-list\">\n<li>Verantwortung f\u00fcr das Tier und die Mitmenschen \u00fcbernehmen<\/li>\n\n\n\n<li>Ein Pferd vermittelt Selbstvetrauen und gibt Geborgenheit<\/li>\n\n\n\n<li>Das Selbstbewusstsein steigert sich durch den umgang mit dem Partner Pony<\/li>\n\n\n\n<li>Alles Sinne werden geschult<\/li>\n<\/ul>\n\n\n\n<p><\/p>\n","protected":false},"excerpt":{"rendered":"<p>Der Ponyclub ist ein Angebot f\u00fcr Kinder von 4 bis ca.8 Jahren. Unser Ziel ist es kindgerecht die Kinder zu kleinen Pferdemenschen zu erziehen. Sie lernen alles rund um das Thema Pferd. Was fri\u00dft ein Pferd? Mit welcher B\u00fcrste putzt man den Pferdekopf? Nat\u00fcrlich kommt des Reiten mit spielerischen Erlebnissen nicht zu kurz. Pro Woche &hellip;<\/p>\n<p class=\"read-more\"> <a class=\"\" href=\"https:\/\/www.ok-sportpferde.de\/?page_id=19\"> <span class=\"screen-reader-text\">Ponyclub<\/span> Weiterlesen &raquo;<\/a><\/p>\n","protected":false},"author":1,"featured_media":0,"parent":0,"menu_order":0,"comment_status":"closed","ping_status":"closed","template":"","meta":{"site-sidebar-layout":"default","site-content-layout":"default","ast-global-header-display":"","ast-main-header-display":"","ast-hfb-above-header-display":"","ast-hfb-below-header-display":"","ast-hfb-mobile-header-display":"","site-post-title":"","ast-breadcrumbs-content":"","ast-featured-img":"","footer-sml-layout":"","theme-transparent-header-meta":"","adv-header-id-meta":"","stick-header-meta":"","header-above-stick-meta":"","header-main-stick-meta":"","header-below-stick-meta":"","footnotes":""},"class_list":["post-19","page","type-page","status-publish","hentry"],"_links":{"self":[{"href":"https:\/\/www.ok-sportpferde.de\/index.php?rest_route=\/wp\/v2\/pages\/19","targetHints":{"allow":["GET"]}}],"collection":[{"href":"https:\/\/www.ok-sportpferde.de\/index.php?rest_route=\/wp\/v2\/pages"}],"about":[{"href":"https:\/\/www.ok-sportpferde.de\/index.php?rest_route=\/wp\/v2\/types\/page"}],"author":[{"embeddable":true,"href":"https:\/\/www.ok-sportpferde.de\/index.php?rest_route=\/wp\/v2\/users\/1"}],"replies":[{"embeddable":true,"href":"https:\/\/www.ok-sportpferde.de\/index.php?rest_route=%2Fwp%2Fv2%2Fcomments&post=19"}],"version-history":[{"count":14,"href":"https:\/\/www.ok-sportpferde.de\/index.php?rest_route=\/wp\/v2\/pages\/19\/revisions"}],"predecessor-version":[{"id":161,"href":"https:\/\/www.ok-sportpferde.de\/index.php?rest_route=\/wp\/v2\/pages\/19\/revisions\/161"}],"wp:attachment":[{"href":"https:\/\/www.ok-sportpferde.de\/index.php?rest_route=%2Fwp%2Fv2%2Fmedia&parent=19"}],"curies":[{"name":"wp","href":"https:\/\/api.w.org\/{rel}","templated":true}]}}