{"id":180,"date":"2024-03-25T09:48:05","date_gmt":"2024-03-25T08:48:05","guid":{"rendered":"https:\/\/www.ok-sportpferde.de\/?page_id=180"},"modified":"2026-03-21T07:11:04","modified_gmt":"2026-03-21T06:11:04","slug":"aktuelles","status":"publish","type":"page","link":"https:\/\/www.ok-sportpferde.de\/?page_id=180","title":{"rendered":"Aktuelles"},"content":{"rendered":"\n<p>Aktuell sind wieder Pl\u00e4tze f\u00fcr Kinder unter der Woche im Ponyclub und in der Reitschule frei.<br>F\u00fcr weitere Infos bitte Anfrage \u00fcber <a href=\"https:\/\/www.ok-sportpferde.de\/?page_id=154\" data-type=\"link\" data-id=\"https:\/\/www.ok-sportpferde.de\/?page_id=154\">Formular Ponyclub<\/a> senden<br><\/p>\n\n\n\n<p><\/p>\n","protected":false},"excerpt":{"rendered":"<p>Aktuell sind wieder Pl\u00e4tze f\u00fcr Kinder unter der Woche im Ponyclub und in der Reitschule frei.F\u00fcr weitere Infos bitte Anfrage \u00fcber Formular Ponyclub senden<\/p>\n","protected":false},"author":1,"featured_media":0,"parent":0,"menu_order":0,"comment_status":"closed","ping_status":"closed","template":"","meta":{"site-sidebar-layout":"default","site-content-layout":"default","ast-global-header-display":"","ast-main-header-display":"","ast-hfb-above-header-display":"","ast-hfb-below-header-display":"","ast-hfb-mobile-header-display":"","site-post-title":"","ast-breadcrumbs-content":"","ast-featured-img":"","footer-sml-layout":"","theme-transparent-header-meta":"","adv-header-id-meta":"","stick-header-meta":"","header-above-stick-meta":"","header-main-stick-meta":"","header-below-stick-meta":"","footnotes":""},"class_list":["post-180","page","type-page","status-publish","hentry"],"_links":{"self":[{"href":"https:\/\/www.ok-sportpferde.de\/index.php?rest_route=\/wp\/v2\/pages\/180","targetHints":{"allow":["GET"]}}],"collection":[{"href":"https:\/\/www.ok-sportpferde.de\/index.php?rest_route=\/wp\/v2\/pages"}],"about":[{"href":"https:\/\/www.ok-sportpferde.de\/index.php?rest_route=\/wp\/v2\/types\/page"}],"author":[{"embeddable":true,"href":"https:\/\/www.ok-sportpferde.de\/index.php?rest_route=\/wp\/v2\/users\/1"}],"replies":[{"embeddable":true,"href":"https:\/\/www.ok-sportpferde.de\/index.php?rest_route=%2Fwp%2Fv2%2Fcomments&post=180"}],"version-history":[{"count":7,"href":"https:\/\/www.ok-sportpferde.de\/index.php?rest_route=\/wp\/v2\/pages\/180\/revisions"}],"predecessor-version":[{"id":237,"href":"https:\/\/www.ok-sportpferde.de\/index.php?rest_route=\/wp\/v2\/pages\/180\/revisions\/237"}],"wp:attachment":[{"href":"https:\/\/www.ok-sportpferde.de\/index.php?rest_route=%2Fwp%2Fv2%2Fmedia&parent=180"}],"curies":[{"name":"wp","href":"https:\/\/api.w.org\/{rel}","templated":true}]}}