{"id":16,"date":"2023-02-24T08:34:44","date_gmt":"2023-02-24T07:34:44","guid":{"rendered":"https:\/\/www.ok-sportpferde.de\/?page_id=16"},"modified":"2023-02-25T08:44:15","modified_gmt":"2023-02-25T07:44:15","slug":"training","status":"publish","type":"page","link":"https:\/\/www.ok-sportpferde.de\/?page_id=16","title":{"rendered":"Training"},"content":{"rendered":"\n<p>Wir bieten Dir individuelles Springtrainig bis zur schweren Klasse und Dressurtraining bis zur Klasse M*. Viele meiner Sch\u00fcler sind erfolgreich bis zur schweren Klasse und waren  bereits Mitglieder im Reiterjournal 8er-Team und konnten Medaillen bishin zu Baden-W\u00fcrttembergischen Meisterschaften gewinnen.<br>Meine langj\u00e4hrige Erfahrung mit Pferden und Sch\u00fclern <\/p>\n\n\n\n<figure class=\"wp-block-image size-full is-resized\"><img loading=\"lazy\" decoding=\"async\" src=\"https:\/\/www.ok-sportpferde.de\/wp-content\/uploads\/2023\/02\/GUE_17_rk_17_2406.jpg\" alt=\"\" class=\"wp-image-17\" width=\"652\" height=\"442\" srcset=\"https:\/\/www.ok-sportpferde.de\/wp-content\/uploads\/2023\/02\/GUE_17_rk_17_2406.jpg 1000w, https:\/\/www.ok-sportpferde.de\/wp-content\/uploads\/2023\/02\/GUE_17_rk_17_2406-300x203.jpg 300w, https:\/\/www.ok-sportpferde.de\/wp-content\/uploads\/2023\/02\/GUE_17_rk_17_2406-768x521.jpg 768w\" sizes=\"auto, (max-width: 652px) 100vw, 652px\" \/><figcaption class=\"wp-element-caption\">Leon-Hardt G<\/figcaption><\/figure>\n","protected":false},"excerpt":{"rendered":"<p>Wir bieten Dir individuelles Springtrainig bis zur schweren Klasse und Dressurtraining bis zur Klasse M*. Viele meiner Sch\u00fcler sind erfolgreich bis zur schweren Klasse und waren bereits Mitglieder im Reiterjournal 8er-Team und konnten Medaillen bishin zu Baden-W\u00fcrttembergischen Meisterschaften gewinnen.Meine langj\u00e4hrige Erfahrung mit Pferden und Sch\u00fclern<\/p>\n","protected":false},"author":1,"featured_media":0,"parent":0,"menu_order":0,"comment_status":"closed","ping_status":"closed","template":"","meta":{"site-sidebar-layout":"default","site-content-layout":"default","ast-global-header-display":"","ast-main-header-display":"","ast-hfb-above-header-display":"","ast-hfb-below-header-display":"","ast-hfb-mobile-header-display":"","site-post-title":"","ast-breadcrumbs-content":"","ast-featured-img":"","footer-sml-layout":"","theme-transparent-header-meta":"","adv-header-id-meta":"","stick-header-meta":"","header-above-stick-meta":"","header-main-stick-meta":"","header-below-stick-meta":"","footnotes":""},"class_list":["post-16","page","type-page","status-publish","hentry"],"_links":{"self":[{"href":"https:\/\/www.ok-sportpferde.de\/index.php?rest_route=\/wp\/v2\/pages\/16","targetHints":{"allow":["GET"]}}],"collection":[{"href":"https:\/\/www.ok-sportpferde.de\/index.php?rest_route=\/wp\/v2\/pages"}],"about":[{"href":"https:\/\/www.ok-sportpferde.de\/index.php?rest_route=\/wp\/v2\/types\/page"}],"author":[{"embeddable":true,"href":"https:\/\/www.ok-sportpferde.de\/index.php?rest_route=\/wp\/v2\/users\/1"}],"replies":[{"embeddable":true,"href":"https:\/\/www.ok-sportpferde.de\/index.php?rest_route=%2Fwp%2Fv2%2Fcomments&post=16"}],"version-history":[{"count":2,"href":"https:\/\/www.ok-sportpferde.de\/index.php?rest_route=\/wp\/v2\/pages\/16\/revisions"}],"predecessor-version":[{"id":132,"href":"https:\/\/www.ok-sportpferde.de\/index.php?rest_route=\/wp\/v2\/pages\/16\/revisions\/132"}],"wp:attachment":[{"href":"https:\/\/www.ok-sportpferde.de\/index.php?rest_route=%2Fwp%2Fv2%2Fmedia&parent=16"}],"curies":[{"name":"wp","href":"https:\/\/api.w.org\/{rel}","templated":true}]}}